{"id":1072,"date":"2025-06-04T10:03:47","date_gmt":"2025-06-04T08:03:47","guid":{"rendered":"https:\/\/shop.zemaljskimuzej.ba\/?post_type=product&#038;p=1072"},"modified":"2025-06-04T10:26:18","modified_gmt":"2025-06-04T08:26:18","slug":"zaboravljena-narona-arheoloski-nalazi-iz-narone-u-antickoj-zbirci-zemaljskog-muzeja-bosne-i-hercegovine","status":"publish","type":"product","link":"https:\/\/shop.zemaljskimuzej.ba\/en\/proizvod\/zaboravljena-narona-arheoloski-nalazi-iz-narone-u-antickoj-zbirci-zemaljskog-muzeja-bosne-i-hercegovine\/","title":{"rendered":"Zaboravljena Narona: Arheolo\u0161ki nalazi iz Narone u anti\u010dkoj zbirci Zemaljskog muzeja Bosne i Hercegovine"},"content":{"rendered":"<p>U ovoj monografiji su po prvi put sakupljeni svi arheolo\u0161ki predmeti prona\u0111eni na podru\u010dju Narone koji se nalaze u anti\u010dkoj zbirci Zemaljskog muzeja Bosne i Hercegovine. Ovaj rad je zna\u010dajan prilog rekonstrukciji svakodnevnog \u017eivota ljudi koji su \u017eivjeli u jednom od najzna\u010dajnih urbanih centara rimske provincije Dalmacije.<\/p>\n","protected":false},"excerpt":{"rendered":"<p><strong>Autor:\u00a0<\/strong>Adnan Busulad\u017ei\u0107<\/p>\n<p><strong>ISBN: <\/strong>978-953-8269-08-0 (Arheolo\u0161ki muzej Narona) \/ 978-9958-502-40-8 (Zemaljski muzej Bosne i Hercegovine)<\/p>\n<p><strong>Jezik publikacije:\u00a0<\/strong>Bosanski, Engleski<\/p>\n<p><strong>Fizi\u010dki opis:\u00a0<\/strong>30 cm<\/p>\n<p><strong>Broj stranica:\u00a0<\/strong>180<\/p>\n<p><strong>Godina izdanja:\u00a0<\/strong>2025.<\/p>\n","protected":false},"featured_media":1073,"template":"","meta":{"_monsterinsights_skip_tracking":false,"_monsterinsights_sitenote_active":false,"_monsterinsights_sitenote_note":"","_monsterinsights_sitenote_category":0},"product_cat":[20],"product_tag":[47,43],"class_list":{"0":"post-1072","1":"product","2":"type-product","3":"status-publish","4":"has-post-thumbnail","6":"product_cat-knjige","7":"product_tag-adnan-busuladzic","8":"product_tag-arheologija","10":"first","11":"instock","12":"purchasable","13":"product-type-simple"},"yoast_head":"<!-- This site is optimized with the Yoast SEO plugin v25.6 - https:\/\/yoast.com\/wordpress\/plugins\/seo\/ -->\n<title>Zaboravljena Narona: Arheolo\u0161ki nalazi iz Narone u anti\u010dkoj zbirci Zemaljskog muzeja Bosne i Hercegovine - zemaljskimuzej.ba<\/title>\n<meta name=\"robots\" content=\"index, follow, max-snippet:-1, max-image-preview:large, max-video-preview:-1\" \/>\n<link rel=\"canonical\" href=\"https:\/\/shop.zemaljskimuzej.ba\/proizvod\/zaboravljena-narona-arheoloski-nalazi-iz-narone-u-antickoj-zbirci-zemaljskog-muzeja-bosne-i-hercegovine\/\" \/>\n<meta property=\"og:locale\" content=\"en_US\" \/>\n<meta property=\"og:type\" content=\"article\" \/>\n<meta property=\"og:title\" content=\"Zaboravljena Narona: Arheolo\u0161ki nalazi iz Narone u anti\u010dkoj zbirci Zemaljskog muzeja Bosne i Hercegovine - zemaljskimuzej.ba\" \/>\n<meta property=\"og:description\" content=\"Autor:\u00a0Adnan Busulad\u017ei\u0107  ISBN: 978-953-8269-08-0 (Arheolo\u0161ki muzej Narona) \/ 978-9958-502-40-8 (Zemaljski muzej Bosne i Hercegovine)  Jezik publikacije:\u00a0Bosanski, Engleski  Fizi\u010dki opis:\u00a030 cm  Broj stranica:\u00a0180  Godina izdanja:\u00a02025.\" \/>\n<meta property=\"og:url\" content=\"https:\/\/shop.zemaljskimuzej.ba\/proizvod\/zaboravljena-narona-arheoloski-nalazi-iz-narone-u-antickoj-zbirci-zemaljskog-muzeja-bosne-i-hercegovine\/\" \/>\n<meta property=\"og:site_name\" content=\"zemaljskimuzej.ba\" \/>\n<meta property=\"article:publisher\" content=\"https:\/\/www.facebook.com\/zemaljskimuzej\/\" \/>\n<meta property=\"article:modified_time\" content=\"2025-06-04T08:26:18+00:00\" \/>\n<meta property=\"og:image\" content=\"https:\/\/shop.zemaljskimuzej.ba\/app\/uploads\/2025\/06\/busuladzic-zaboravljena-narona.jpg\" \/>\n\t<meta property=\"og:image:width\" content=\"1024\" \/>\n\t<meta property=\"og:image:height\" content=\"1024\" \/>\n\t<meta property=\"og:image:type\" content=\"image\/jpeg\" \/>\n<meta name=\"twitter:card\" content=\"summary_large_image\" \/>\n<meta name=\"twitter:site\" content=\"@Zemaljskimuzej\" \/>\n<script type=\"application\/ld+json\" class=\"yoast-schema-graph\">{\"@context\":\"https:\/\/schema.org\",\"@graph\":[{\"@type\":\"WebPage\",\"@id\":\"https:\/\/shop.zemaljskimuzej.ba\/proizvod\/zaboravljena-narona-arheoloski-nalazi-iz-narone-u-antickoj-zbirci-zemaljskog-muzeja-bosne-i-hercegovine\/\",\"url\":\"https:\/\/shop.zemaljskimuzej.ba\/proizvod\/zaboravljena-narona-arheoloski-nalazi-iz-narone-u-antickoj-zbirci-zemaljskog-muzeja-bosne-i-hercegovine\/\",\"name\":\"Zaboravljena Narona: Arheolo\u0161ki nalazi iz Narone u anti\u010dkoj zbirci Zemaljskog muzeja Bosne i Hercegovine - zemaljskimuzej.ba\",\"isPartOf\":{\"@id\":\"https:\/\/shop.zemaljskimuzej.ba\/#website\"},\"primaryImageOfPage\":{\"@id\":\"https:\/\/shop.zemaljskimuzej.ba\/proizvod\/zaboravljena-narona-arheoloski-nalazi-iz-narone-u-antickoj-zbirci-zemaljskog-muzeja-bosne-i-hercegovine\/#primaryimage\"},\"image\":{\"@id\":\"https:\/\/shop.zemaljskimuzej.ba\/proizvod\/zaboravljena-narona-arheoloski-nalazi-iz-narone-u-antickoj-zbirci-zemaljskog-muzeja-bosne-i-hercegovine\/#primaryimage\"},\"thumbnailUrl\":\"https:\/\/shop.zemaljskimuzej.ba\/app\/uploads\/2025\/06\/busuladzic-zaboravljena-narona.jpg\",\"datePublished\":\"2025-06-04T08:03:47+00:00\",\"dateModified\":\"2025-06-04T08:26:18+00:00\",\"breadcrumb\":{\"@id\":\"https:\/\/shop.zemaljskimuzej.ba\/proizvod\/zaboravljena-narona-arheoloski-nalazi-iz-narone-u-antickoj-zbirci-zemaljskog-muzeja-bosne-i-hercegovine\/#breadcrumb\"},\"inLanguage\":\"en-US\",\"potentialAction\":[{\"@type\":\"ReadAction\",\"target\":[\"https:\/\/shop.zemaljskimuzej.ba\/proizvod\/zaboravljena-narona-arheoloski-nalazi-iz-narone-u-antickoj-zbirci-zemaljskog-muzeja-bosne-i-hercegovine\/\"]}]},{\"@type\":\"ImageObject\",\"inLanguage\":\"en-US\",\"@id\":\"https:\/\/shop.zemaljskimuzej.ba\/proizvod\/zaboravljena-narona-arheoloski-nalazi-iz-narone-u-antickoj-zbirci-zemaljskog-muzeja-bosne-i-hercegovine\/#primaryimage\",\"url\":\"https:\/\/shop.zemaljskimuzej.ba\/app\/uploads\/2025\/06\/busuladzic-zaboravljena-narona.jpg\",\"contentUrl\":\"https:\/\/shop.zemaljskimuzej.ba\/app\/uploads\/2025\/06\/busuladzic-zaboravljena-narona.jpg\",\"width\":1024,\"height\":1024},{\"@type\":\"BreadcrumbList\",\"@id\":\"https:\/\/shop.zemaljskimuzej.ba\/proizvod\/zaboravljena-narona-arheoloski-nalazi-iz-narone-u-antickoj-zbirci-zemaljskog-muzeja-bosne-i-hercegovine\/#breadcrumb\",\"itemListElement\":[{\"@type\":\"ListItem\",\"position\":1,\"name\":\"Home\",\"item\":\"https:\/\/shop.zemaljskimuzej.ba\/en\/shop\/\"},{\"@type\":\"ListItem\",\"position\":2,\"name\":\"Shop\",\"item\":\"https:\/\/shop.zemaljskimuzej.ba\/en\/shop\/\"},{\"@type\":\"ListItem\",\"position\":3,\"name\":\"Zaboravljena Narona: Arheolo\u0161ki nalazi iz Narone u anti\u010dkoj zbirci Zemaljskog muzeja Bosne i Hercegovine\"}]},{\"@type\":\"WebSite\",\"@id\":\"https:\/\/shop.zemaljskimuzej.ba\/#website\",\"url\":\"https:\/\/shop.zemaljskimuzej.ba\/\",\"name\":\"Zemaljski muzej BiH\",\"description\":\"\",\"publisher\":{\"@id\":\"https:\/\/shop.zemaljskimuzej.ba\/#organization\"},\"potentialAction\":[{\"@type\":\"SearchAction\",\"target\":{\"@type\":\"EntryPoint\",\"urlTemplate\":\"https:\/\/shop.zemaljskimuzej.ba\/?s={search_term_string}\"},\"query-input\":{\"@type\":\"PropertyValueSpecification\",\"valueRequired\":true,\"valueName\":\"search_term_string\"}}],\"inLanguage\":\"en-US\"},{\"@type\":\"Organization\",\"@id\":\"https:\/\/shop.zemaljskimuzej.ba\/#organization\",\"name\":\"Zemaljski muzej BiH\",\"url\":\"https:\/\/shop.zemaljskimuzej.ba\/\",\"logo\":{\"@type\":\"ImageObject\",\"inLanguage\":\"en-US\",\"@id\":\"https:\/\/shop.zemaljskimuzej.ba\/#\/schema\/logo\/image\/\",\"url\":\"https:\/\/shop.zemaljskimuzej.ba\/app\/uploads\/2025\/08\/zmbih-logo.png\",\"contentUrl\":\"https:\/\/shop.zemaljskimuzej.ba\/app\/uploads\/2025\/08\/zmbih-logo.png\",\"width\":256,\"height\":256,\"caption\":\"Zemaljski muzej BiH\"},\"image\":{\"@id\":\"https:\/\/shop.zemaljskimuzej.ba\/#\/schema\/logo\/image\/\"},\"sameAs\":[\"https:\/\/www.facebook.com\/zemaljskimuzej\/\",\"https:\/\/x.com\/Zemaljskimuzej\",\"https:\/\/www.instagram.com\/zemaljskimuzej_bih\/\",\"https:\/\/www.youtube.com\/channel\/UCK-JP1rHT4wJ7MOyVcduoIg\",\"https:\/\/www.tiktok.com\/@zemaljskimuzejbih\"]}]}<\/script>\n<!-- \/ Yoast SEO plugin. -->","yoast_head_json":{"title":"Zaboravljena Narona: Arheolo\u0161ki nalazi iz Narone u anti\u010dkoj zbirci Zemaljskog muzeja Bosne i Hercegovine - zemaljskimuzej.ba","robots":{"index":"index","follow":"follow","max-snippet":"max-snippet:-1","max-image-preview":"max-image-preview:large","max-video-preview":"max-video-preview:-1"},"canonical":"https:\/\/shop.zemaljskimuzej.ba\/proizvod\/zaboravljena-narona-arheoloski-nalazi-iz-narone-u-antickoj-zbirci-zemaljskog-muzeja-bosne-i-hercegovine\/","og_locale":"en_US","og_type":"article","og_title":"Zaboravljena Narona: Arheolo\u0161ki nalazi iz Narone u anti\u010dkoj zbirci Zemaljskog muzeja Bosne i Hercegovine - zemaljskimuzej.ba","og_description":"Autor:\u00a0Adnan Busulad\u017ei\u0107  ISBN: 978-953-8269-08-0 (Arheolo\u0161ki muzej Narona) \/ 978-9958-502-40-8 (Zemaljski muzej Bosne i Hercegovine)  Jezik publikacije:\u00a0Bosanski, Engleski  Fizi\u010dki opis:\u00a030 cm  Broj stranica:\u00a0180  Godina izdanja:\u00a02025.","og_url":"https:\/\/shop.zemaljskimuzej.ba\/proizvod\/zaboravljena-narona-arheoloski-nalazi-iz-narone-u-antickoj-zbirci-zemaljskog-muzeja-bosne-i-hercegovine\/","og_site_name":"zemaljskimuzej.ba","article_publisher":"https:\/\/www.facebook.com\/zemaljskimuzej\/","article_modified_time":"2025-06-04T08:26:18+00:00","og_image":[{"width":1024,"height":1024,"url":"https:\/\/shop.zemaljskimuzej.ba\/app\/uploads\/2025\/06\/busuladzic-zaboravljena-narona.jpg","type":"image\/jpeg"}],"twitter_card":"summary_large_image","twitter_site":"@Zemaljskimuzej","schema":{"@context":"https:\/\/schema.org","@graph":[{"@type":"WebPage","@id":"https:\/\/shop.zemaljskimuzej.ba\/proizvod\/zaboravljena-narona-arheoloski-nalazi-iz-narone-u-antickoj-zbirci-zemaljskog-muzeja-bosne-i-hercegovine\/","url":"https:\/\/shop.zemaljskimuzej.ba\/proizvod\/zaboravljena-narona-arheoloski-nalazi-iz-narone-u-antickoj-zbirci-zemaljskog-muzeja-bosne-i-hercegovine\/","name":"Zaboravljena Narona: Arheolo\u0161ki nalazi iz Narone u anti\u010dkoj zbirci Zemaljskog muzeja Bosne i Hercegovine - zemaljskimuzej.ba","isPartOf":{"@id":"https:\/\/shop.zemaljskimuzej.ba\/#website"},"primaryImageOfPage":{"@id":"https:\/\/shop.zemaljskimuzej.ba\/proizvod\/zaboravljena-narona-arheoloski-nalazi-iz-narone-u-antickoj-zbirci-zemaljskog-muzeja-bosne-i-hercegovine\/#primaryimage"},"image":{"@id":"https:\/\/shop.zemaljskimuzej.ba\/proizvod\/zaboravljena-narona-arheoloski-nalazi-iz-narone-u-antickoj-zbirci-zemaljskog-muzeja-bosne-i-hercegovine\/#primaryimage"},"thumbnailUrl":"https:\/\/shop.zemaljskimuzej.ba\/app\/uploads\/2025\/06\/busuladzic-zaboravljena-narona.jpg","datePublished":"2025-06-04T08:03:47+00:00","dateModified":"2025-06-04T08:26:18+00:00","breadcrumb":{"@id":"https:\/\/shop.zemaljskimuzej.ba\/proizvod\/zaboravljena-narona-arheoloski-nalazi-iz-narone-u-antickoj-zbirci-zemaljskog-muzeja-bosne-i-hercegovine\/#breadcrumb"},"inLanguage":"en-US","potentialAction":[{"@type":"ReadAction","target":["https:\/\/shop.zemaljskimuzej.ba\/proizvod\/zaboravljena-narona-arheoloski-nalazi-iz-narone-u-antickoj-zbirci-zemaljskog-muzeja-bosne-i-hercegovine\/"]}]},{"@type":"ImageObject","inLanguage":"en-US","@id":"https:\/\/shop.zemaljskimuzej.ba\/proizvod\/zaboravljena-narona-arheoloski-nalazi-iz-narone-u-antickoj-zbirci-zemaljskog-muzeja-bosne-i-hercegovine\/#primaryimage","url":"https:\/\/shop.zemaljskimuzej.ba\/app\/uploads\/2025\/06\/busuladzic-zaboravljena-narona.jpg","contentUrl":"https:\/\/shop.zemaljskimuzej.ba\/app\/uploads\/2025\/06\/busuladzic-zaboravljena-narona.jpg","width":1024,"height":1024},{"@type":"BreadcrumbList","@id":"https:\/\/shop.zemaljskimuzej.ba\/proizvod\/zaboravljena-narona-arheoloski-nalazi-iz-narone-u-antickoj-zbirci-zemaljskog-muzeja-bosne-i-hercegovine\/#breadcrumb","itemListElement":[{"@type":"ListItem","position":1,"name":"Home","item":"https:\/\/shop.zemaljskimuzej.ba\/en\/shop\/"},{"@type":"ListItem","position":2,"name":"Shop","item":"https:\/\/shop.zemaljskimuzej.ba\/en\/shop\/"},{"@type":"ListItem","position":3,"name":"Zaboravljena Narona: Arheolo\u0161ki nalazi iz Narone u anti\u010dkoj zbirci Zemaljskog muzeja Bosne i Hercegovine"}]},{"@type":"WebSite","@id":"https:\/\/shop.zemaljskimuzej.ba\/#website","url":"https:\/\/shop.zemaljskimuzej.ba\/","name":"Zemaljski muzej BiH","description":"","publisher":{"@id":"https:\/\/shop.zemaljskimuzej.ba\/#organization"},"potentialAction":[{"@type":"SearchAction","target":{"@type":"EntryPoint","urlTemplate":"https:\/\/shop.zemaljskimuzej.ba\/?s={search_term_string}"},"query-input":{"@type":"PropertyValueSpecification","valueRequired":true,"valueName":"search_term_string"}}],"inLanguage":"en-US"},{"@type":"Organization","@id":"https:\/\/shop.zemaljskimuzej.ba\/#organization","name":"Zemaljski muzej BiH","url":"https:\/\/shop.zemaljskimuzej.ba\/","logo":{"@type":"ImageObject","inLanguage":"en-US","@id":"https:\/\/shop.zemaljskimuzej.ba\/#\/schema\/logo\/image\/","url":"https:\/\/shop.zemaljskimuzej.ba\/app\/uploads\/2025\/08\/zmbih-logo.png","contentUrl":"https:\/\/shop.zemaljskimuzej.ba\/app\/uploads\/2025\/08\/zmbih-logo.png","width":256,"height":256,"caption":"Zemaljski muzej BiH"},"image":{"@id":"https:\/\/shop.zemaljskimuzej.ba\/#\/schema\/logo\/image\/"},"sameAs":["https:\/\/www.facebook.com\/zemaljskimuzej\/","https:\/\/x.com\/Zemaljskimuzej","https:\/\/www.instagram.com\/zemaljskimuzej_bih\/","https:\/\/www.youtube.com\/channel\/UCK-JP1rHT4wJ7MOyVcduoIg","https:\/\/www.tiktok.com\/@zemaljskimuzejbih"]}]}},"_links":{"self":[{"href":"https:\/\/shop.zemaljskimuzej.ba\/en\/wp-json\/wp\/v2\/product\/1072","targetHints":{"allow":["GET"]}}],"collection":[{"href":"https:\/\/shop.zemaljskimuzej.ba\/en\/wp-json\/wp\/v2\/product"}],"about":[{"href":"https:\/\/shop.zemaljskimuzej.ba\/en\/wp-json\/wp\/v2\/types\/product"}],"wp:featuredmedia":[{"embeddable":true,"href":"https:\/\/shop.zemaljskimuzej.ba\/en\/wp-json\/wp\/v2\/media\/1073"}],"wp:attachment":[{"href":"https:\/\/shop.zemaljskimuzej.ba\/en\/wp-json\/wp\/v2\/media?parent=1072"}],"wp:term":[{"taxonomy":"product_cat","embeddable":true,"href":"https:\/\/shop.zemaljskimuzej.ba\/en\/wp-json\/wp\/v2\/product_cat?post=1072"},{"taxonomy":"product_tag","embeddable":true,"href":"https:\/\/shop.zemaljskimuzej.ba\/en\/wp-json\/wp\/v2\/product_tag?post=1072"}],"curies":[{"name":"wp","href":"https:\/\/api.w.org\/{rel}","templated":true}]}}