{"id":386,"date":"2024-10-03T13:11:13","date_gmt":"2024-10-03T11:11:13","guid":{"rendered":"https:\/\/shop.zemaljskimuzej.ba\/product\/forgotten-ethnographers-of-bosnia-and-herzegovina-dr-leopold-gluck\/"},"modified":"2024-11-01T13:33:16","modified_gmt":"2024-11-01T12:33:16","slug":"forgotten-ethnographers-of-bosnia-and-herzegovina-dr-leopold-gluck","status":"publish","type":"product","link":"https:\/\/shop.zemaljskimuzej.ba\/en\/product\/forgotten-ethnographers-of-bosnia-and-herzegovina-dr-leopold-gluck\/","title":{"rendered":"Forgotten ethnographers of Bosnia and Herzegovina: Dr. Leopold Gl\u00fcck"},"content":{"rendered":"<p>The book presents data related to folk medicine in Bosnia and Herzegovina from the first written data from the early decades of the 17th century, to the time of the Austro-Hungarian occupation. With the presentation of Leopold Gl\u00fcck&#8217;s biography and works, both in the field of folk medicine and those dedicated to physical anthropology, all of Gl\u00fcck&#8217;s works were printed in one place for the first time.<\/p>\n","protected":false},"excerpt":{"rendered":"<p><strong>Author:<\/strong> Ai\u0161a Softi\u0107<br \/>\n<strong>Language:<\/strong> Bosnian<br \/>\n<strong>ISBN:<\/strong> 978-9958-502-28-6<br \/>\n<strong>Description:<\/strong> 24 cm<br \/>\n<strong>Page number:<\/strong> III + 418<br \/>\n<strong>Published:<\/strong> 2020.<\/p>\n","protected":false},"featured_media":1022,"template":"","meta":{"_monsterinsights_skip_tracking":false,"_monsterinsights_sitenote_active":false,"_monsterinsights_sitenote_note":"","_monsterinsights_sitenote_category":0},"product_cat":[37],"product_tag":[70,71,60,72],"class_list":{"0":"post-386","1":"product","2":"type-product","3":"status-publish","4":"has-post-thumbnail","6":"product_cat-books","7":"product_tag-aisa-softic-en","8":"product_tag-ethnographers","9":"product_tag-ethnology","10":"product_tag-medicine","12":"first","13":"instock","14":"purchasable","15":"product-type-simple"},"yoast_head":"<!-- This site is optimized with the Yoast SEO plugin v25.6 - https:\/\/yoast.com\/wordpress\/plugins\/seo\/ -->\n<title>Forgotten ethnographers of Bosnia and Herzegovina: Dr. Leopold Gl\u00fcck - zemaljskimuzej.ba<\/title>\n<meta name=\"robots\" content=\"index, follow, max-snippet:-1, max-image-preview:large, max-video-preview:-1\" \/>\n<link rel=\"canonical\" href=\"https:\/\/shop.zemaljskimuzej.ba\/en\/product\/forgotten-ethnographers-of-bosnia-and-herzegovina-dr-leopold-gluck\/\" \/>\n<meta property=\"og:locale\" content=\"en_US\" \/>\n<meta property=\"og:type\" content=\"article\" \/>\n<meta property=\"og:title\" content=\"Forgotten ethnographers of Bosnia and Herzegovina: Dr. Leopold Gl\u00fcck - zemaljskimuzej.ba\" \/>\n<meta property=\"og:description\" content=\"Author: Ai\u0161a Softi\u0107 Language: Bosnian ISBN: 978-9958-502-28-6 Description: 24 cm Page number: III + 418 Published: 2020.\" \/>\n<meta property=\"og:url\" content=\"https:\/\/shop.zemaljskimuzej.ba\/en\/product\/forgotten-ethnographers-of-bosnia-and-herzegovina-dr-leopold-gluck\/\" \/>\n<meta property=\"og:site_name\" content=\"zemaljskimuzej.ba\" \/>\n<meta property=\"article:publisher\" content=\"https:\/\/www.facebook.com\/zemaljskimuzej\/\" \/>\n<meta property=\"article:modified_time\" content=\"2024-11-01T12:33:16+00:00\" \/>\n<meta property=\"og:image\" content=\"https:\/\/shop.zemaljskimuzej.ba\/app\/uploads\/2024\/10\/zaboravljeni-etnografi.jpg\" \/>\n\t<meta property=\"og:image:width\" content=\"1024\" \/>\n\t<meta property=\"og:image:height\" content=\"1024\" \/>\n\t<meta property=\"og:image:type\" content=\"image\/jpeg\" \/>\n<meta name=\"twitter:card\" content=\"summary_large_image\" \/>\n<meta name=\"twitter:site\" content=\"@Zemaljskimuzej\" \/>\n<script type=\"application\/ld+json\" class=\"yoast-schema-graph\">{\"@context\":\"https:\/\/schema.org\",\"@graph\":[{\"@type\":\"WebPage\",\"@id\":\"https:\/\/shop.zemaljskimuzej.ba\/en\/product\/forgotten-ethnographers-of-bosnia-and-herzegovina-dr-leopold-gluck\/\",\"url\":\"https:\/\/shop.zemaljskimuzej.ba\/en\/product\/forgotten-ethnographers-of-bosnia-and-herzegovina-dr-leopold-gluck\/\",\"name\":\"Forgotten ethnographers of Bosnia and Herzegovina: Dr. Leopold Gl\u00fcck - zemaljskimuzej.ba\",\"isPartOf\":{\"@id\":\"https:\/\/shop.zemaljskimuzej.ba\/#website\"},\"primaryImageOfPage\":{\"@id\":\"https:\/\/shop.zemaljskimuzej.ba\/en\/product\/forgotten-ethnographers-of-bosnia-and-herzegovina-dr-leopold-gluck\/#primaryimage\"},\"image\":{\"@id\":\"https:\/\/shop.zemaljskimuzej.ba\/en\/product\/forgotten-ethnographers-of-bosnia-and-herzegovina-dr-leopold-gluck\/#primaryimage\"},\"thumbnailUrl\":\"https:\/\/shop.zemaljskimuzej.ba\/app\/uploads\/2024\/10\/zaboravljeni-etnografi.jpg\",\"datePublished\":\"2024-10-03T11:11:13+00:00\",\"dateModified\":\"2024-11-01T12:33:16+00:00\",\"breadcrumb\":{\"@id\":\"https:\/\/shop.zemaljskimuzej.ba\/en\/product\/forgotten-ethnographers-of-bosnia-and-herzegovina-dr-leopold-gluck\/#breadcrumb\"},\"inLanguage\":\"en-US\",\"potentialAction\":[{\"@type\":\"ReadAction\",\"target\":[\"https:\/\/shop.zemaljskimuzej.ba\/en\/product\/forgotten-ethnographers-of-bosnia-and-herzegovina-dr-leopold-gluck\/\"]}]},{\"@type\":\"ImageObject\",\"inLanguage\":\"en-US\",\"@id\":\"https:\/\/shop.zemaljskimuzej.ba\/en\/product\/forgotten-ethnographers-of-bosnia-and-herzegovina-dr-leopold-gluck\/#primaryimage\",\"url\":\"https:\/\/shop.zemaljskimuzej.ba\/app\/uploads\/2024\/10\/zaboravljeni-etnografi.jpg\",\"contentUrl\":\"https:\/\/shop.zemaljskimuzej.ba\/app\/uploads\/2024\/10\/zaboravljeni-etnografi.jpg\",\"width\":1024,\"height\":1024},{\"@type\":\"BreadcrumbList\",\"@id\":\"https:\/\/shop.zemaljskimuzej.ba\/en\/product\/forgotten-ethnographers-of-bosnia-and-herzegovina-dr-leopold-gluck\/#breadcrumb\",\"itemListElement\":[{\"@type\":\"ListItem\",\"position\":1,\"name\":\"Home\",\"item\":\"https:\/\/shop.zemaljskimuzej.ba\/en\/shop\/\"},{\"@type\":\"ListItem\",\"position\":2,\"name\":\"Shop\",\"item\":\"https:\/\/shop.zemaljskimuzej.ba\/en\/shop\/\"},{\"@type\":\"ListItem\",\"position\":3,\"name\":\"Forgotten ethnographers of Bosnia and Herzegovina: Dr. Leopold Gl\u00fcck\"}]},{\"@type\":\"WebSite\",\"@id\":\"https:\/\/shop.zemaljskimuzej.ba\/#website\",\"url\":\"https:\/\/shop.zemaljskimuzej.ba\/\",\"name\":\"Zemaljski muzej BiH\",\"description\":\"\",\"publisher\":{\"@id\":\"https:\/\/shop.zemaljskimuzej.ba\/#organization\"},\"potentialAction\":[{\"@type\":\"SearchAction\",\"target\":{\"@type\":\"EntryPoint\",\"urlTemplate\":\"https:\/\/shop.zemaljskimuzej.ba\/?s={search_term_string}\"},\"query-input\":{\"@type\":\"PropertyValueSpecification\",\"valueRequired\":true,\"valueName\":\"search_term_string\"}}],\"inLanguage\":\"en-US\"},{\"@type\":\"Organization\",\"@id\":\"https:\/\/shop.zemaljskimuzej.ba\/#organization\",\"name\":\"Zemaljski muzej BiH\",\"url\":\"https:\/\/shop.zemaljskimuzej.ba\/\",\"logo\":{\"@type\":\"ImageObject\",\"inLanguage\":\"en-US\",\"@id\":\"https:\/\/shop.zemaljskimuzej.ba\/#\/schema\/logo\/image\/\",\"url\":\"https:\/\/shop.zemaljskimuzej.ba\/app\/uploads\/2025\/08\/zmbih-logo.png\",\"contentUrl\":\"https:\/\/shop.zemaljskimuzej.ba\/app\/uploads\/2025\/08\/zmbih-logo.png\",\"width\":256,\"height\":256,\"caption\":\"Zemaljski muzej BiH\"},\"image\":{\"@id\":\"https:\/\/shop.zemaljskimuzej.ba\/#\/schema\/logo\/image\/\"},\"sameAs\":[\"https:\/\/www.facebook.com\/zemaljskimuzej\/\",\"https:\/\/x.com\/Zemaljskimuzej\",\"https:\/\/www.instagram.com\/zemaljskimuzej_bih\/\",\"https:\/\/www.youtube.com\/channel\/UCK-JP1rHT4wJ7MOyVcduoIg\",\"https:\/\/www.tiktok.com\/@zemaljskimuzejbih\"]}]}<\/script>\n<!-- \/ Yoast SEO plugin. -->","yoast_head_json":{"title":"Forgotten ethnographers of Bosnia and Herzegovina: Dr. Leopold Gl\u00fcck - zemaljskimuzej.ba","robots":{"index":"index","follow":"follow","max-snippet":"max-snippet:-1","max-image-preview":"max-image-preview:large","max-video-preview":"max-video-preview:-1"},"canonical":"https:\/\/shop.zemaljskimuzej.ba\/en\/product\/forgotten-ethnographers-of-bosnia-and-herzegovina-dr-leopold-gluck\/","og_locale":"en_US","og_type":"article","og_title":"Forgotten ethnographers of Bosnia and Herzegovina: Dr. Leopold Gl\u00fcck - zemaljskimuzej.ba","og_description":"Author: Ai\u0161a Softi\u0107 Language: Bosnian ISBN: 978-9958-502-28-6 Description: 24 cm Page number: III + 418 Published: 2020.","og_url":"https:\/\/shop.zemaljskimuzej.ba\/en\/product\/forgotten-ethnographers-of-bosnia-and-herzegovina-dr-leopold-gluck\/","og_site_name":"zemaljskimuzej.ba","article_publisher":"https:\/\/www.facebook.com\/zemaljskimuzej\/","article_modified_time":"2024-11-01T12:33:16+00:00","og_image":[{"width":1024,"height":1024,"url":"https:\/\/shop.zemaljskimuzej.ba\/app\/uploads\/2024\/10\/zaboravljeni-etnografi.jpg","type":"image\/jpeg"}],"twitter_card":"summary_large_image","twitter_site":"@Zemaljskimuzej","schema":{"@context":"https:\/\/schema.org","@graph":[{"@type":"WebPage","@id":"https:\/\/shop.zemaljskimuzej.ba\/en\/product\/forgotten-ethnographers-of-bosnia-and-herzegovina-dr-leopold-gluck\/","url":"https:\/\/shop.zemaljskimuzej.ba\/en\/product\/forgotten-ethnographers-of-bosnia-and-herzegovina-dr-leopold-gluck\/","name":"Forgotten ethnographers of Bosnia and Herzegovina: Dr. Leopold Gl\u00fcck - zemaljskimuzej.ba","isPartOf":{"@id":"https:\/\/shop.zemaljskimuzej.ba\/#website"},"primaryImageOfPage":{"@id":"https:\/\/shop.zemaljskimuzej.ba\/en\/product\/forgotten-ethnographers-of-bosnia-and-herzegovina-dr-leopold-gluck\/#primaryimage"},"image":{"@id":"https:\/\/shop.zemaljskimuzej.ba\/en\/product\/forgotten-ethnographers-of-bosnia-and-herzegovina-dr-leopold-gluck\/#primaryimage"},"thumbnailUrl":"https:\/\/shop.zemaljskimuzej.ba\/app\/uploads\/2024\/10\/zaboravljeni-etnografi.jpg","datePublished":"2024-10-03T11:11:13+00:00","dateModified":"2024-11-01T12:33:16+00:00","breadcrumb":{"@id":"https:\/\/shop.zemaljskimuzej.ba\/en\/product\/forgotten-ethnographers-of-bosnia-and-herzegovina-dr-leopold-gluck\/#breadcrumb"},"inLanguage":"en-US","potentialAction":[{"@type":"ReadAction","target":["https:\/\/shop.zemaljskimuzej.ba\/en\/product\/forgotten-ethnographers-of-bosnia-and-herzegovina-dr-leopold-gluck\/"]}]},{"@type":"ImageObject","inLanguage":"en-US","@id":"https:\/\/shop.zemaljskimuzej.ba\/en\/product\/forgotten-ethnographers-of-bosnia-and-herzegovina-dr-leopold-gluck\/#primaryimage","url":"https:\/\/shop.zemaljskimuzej.ba\/app\/uploads\/2024\/10\/zaboravljeni-etnografi.jpg","contentUrl":"https:\/\/shop.zemaljskimuzej.ba\/app\/uploads\/2024\/10\/zaboravljeni-etnografi.jpg","width":1024,"height":1024},{"@type":"BreadcrumbList","@id":"https:\/\/shop.zemaljskimuzej.ba\/en\/product\/forgotten-ethnographers-of-bosnia-and-herzegovina-dr-leopold-gluck\/#breadcrumb","itemListElement":[{"@type":"ListItem","position":1,"name":"Home","item":"https:\/\/shop.zemaljskimuzej.ba\/en\/shop\/"},{"@type":"ListItem","position":2,"name":"Shop","item":"https:\/\/shop.zemaljskimuzej.ba\/en\/shop\/"},{"@type":"ListItem","position":3,"name":"Forgotten ethnographers of Bosnia and Herzegovina: Dr. Leopold Gl\u00fcck"}]},{"@type":"WebSite","@id":"https:\/\/shop.zemaljskimuzej.ba\/#website","url":"https:\/\/shop.zemaljskimuzej.ba\/","name":"Zemaljski muzej BiH","description":"","publisher":{"@id":"https:\/\/shop.zemaljskimuzej.ba\/#organization"},"potentialAction":[{"@type":"SearchAction","target":{"@type":"EntryPoint","urlTemplate":"https:\/\/shop.zemaljskimuzej.ba\/?s={search_term_string}"},"query-input":{"@type":"PropertyValueSpecification","valueRequired":true,"valueName":"search_term_string"}}],"inLanguage":"en-US"},{"@type":"Organization","@id":"https:\/\/shop.zemaljskimuzej.ba\/#organization","name":"Zemaljski muzej BiH","url":"https:\/\/shop.zemaljskimuzej.ba\/","logo":{"@type":"ImageObject","inLanguage":"en-US","@id":"https:\/\/shop.zemaljskimuzej.ba\/#\/schema\/logo\/image\/","url":"https:\/\/shop.zemaljskimuzej.ba\/app\/uploads\/2025\/08\/zmbih-logo.png","contentUrl":"https:\/\/shop.zemaljskimuzej.ba\/app\/uploads\/2025\/08\/zmbih-logo.png","width":256,"height":256,"caption":"Zemaljski muzej BiH"},"image":{"@id":"https:\/\/shop.zemaljskimuzej.ba\/#\/schema\/logo\/image\/"},"sameAs":["https:\/\/www.facebook.com\/zemaljskimuzej\/","https:\/\/x.com\/Zemaljskimuzej","https:\/\/www.instagram.com\/zemaljskimuzej_bih\/","https:\/\/www.youtube.com\/channel\/UCK-JP1rHT4wJ7MOyVcduoIg","https:\/\/www.tiktok.com\/@zemaljskimuzejbih"]}]}},"_links":{"self":[{"href":"https:\/\/shop.zemaljskimuzej.ba\/en\/wp-json\/wp\/v2\/product\/386","targetHints":{"allow":["GET"]}}],"collection":[{"href":"https:\/\/shop.zemaljskimuzej.ba\/en\/wp-json\/wp\/v2\/product"}],"about":[{"href":"https:\/\/shop.zemaljskimuzej.ba\/en\/wp-json\/wp\/v2\/types\/product"}],"wp:featuredmedia":[{"embeddable":true,"href":"https:\/\/shop.zemaljskimuzej.ba\/en\/wp-json\/wp\/v2\/media\/1022"}],"wp:attachment":[{"href":"https:\/\/shop.zemaljskimuzej.ba\/en\/wp-json\/wp\/v2\/media?parent=386"}],"wp:term":[{"taxonomy":"product_cat","embeddable":true,"href":"https:\/\/shop.zemaljskimuzej.ba\/en\/wp-json\/wp\/v2\/product_cat?post=386"},{"taxonomy":"product_tag","embeddable":true,"href":"https:\/\/shop.zemaljskimuzej.ba\/en\/wp-json\/wp\/v2\/product_tag?post=386"}],"curies":[{"name":"wp","href":"https:\/\/api.w.org\/{rel}","templated":true}]}}